{"id":19441,"date":"2026-02-24T18:16:24","date_gmt":"2026-02-24T18:16:24","guid":{"rendered":"https:\/\/cryptoemporium.com\/?page_id=19441"},"modified":"2026-04-10T21:29:41","modified_gmt":"2026-04-10T21:29:41","slug":"svet-online-kasin-a-igamingu-soucasnost-vyvoj-a-budoucnost","status":"publish","type":"page","link":"https:\/\/cryptoemporium.com\/pt\/svet-online-kasin-a-igamingu-soucasnost-vyvoj-a-budoucnost\/","title":{"rendered":"Sv\u011bt online kasin a iGamingu: sou\u010dasnost, v\u00fdvoj a budoucnost"},"content":{"rendered":"<p>V posledn\u00edch letech se sv\u011bt hazardn\u00edch her dramaticky zm\u011bnil. V\u00fdraz <strong><a href=\"https:\/\/compex-sport.cz\/nova-casina\/\">nove online casina 2024<\/a><\/strong> nen\u00ed jen m\u00f3dn\u00ed hashtag, ale skute\u010dn\u00fd fenom\u00e9n, kter\u00fd odr\u00e1\u017e\u00ed p\u0159\u00edchod nov\u00e9 generace digit\u00e1ln\u00edch hern\u00edch platforem. Tyto platformy nab\u00edzej\u00ed nejen klasick\u00e9 kasinov\u00e9 hry jako ruletu, blackjack nebo v\u00fdhern\u00ed automaty, ale tak\u00e9 pokro\u010dil\u00e9 technologie, jako jsou \u017eiv\u00ed \u0434\u0438\u043b\u0435\u0440\u044b, VR sv\u011bt nebo blockchainov\u00e9 platebn\u00ed syst\u00e9my. Tento v\u00fdvoj nen\u00ed jen povrchn\u00ed trend \u2013 m\u011bn\u00ed to zp\u016fsob, jak\u00fdm lid\u00e9 tr\u00e1v\u00ed sv\u016fj voln\u00fd \u010das, jak\u00e9 hry si vyb\u00edraj\u00ed a jak\u00fdm zp\u016fsobem hazardn\u00ed pr\u016fmysl reguluje st\u00e1ty po cel\u00e9m sv\u011bt\u011b.<\/p>\n<p>Online kasina p\u0159itahuj\u00ed st\u00e1le v\u00edce hr\u00e1\u010d\u016f z cel\u00e9ho sv\u011bta. Krom\u011b pohodl\u00ed a dostupnosti jsou hlavn\u00edmi faktory \u00fasp\u011bchu tak\u00e9 nab\u00eddka bonus\u016f, mobiln\u00ed kompatibilita a inovativn\u00ed technologie. Nov\u00e9 online hern\u00ed platformy, kter\u00e9 se objevuj\u00ed v roce 2024, posouvaj\u00ed hranice toho, co je mo\u017en\u00e9 \u2013 a iGaming se tak zna\u010dn\u011b odli\u0161uje od tradi\u010dn\u00edho kamenn\u00e9ho kasina. V tomto \u010dl\u00e1nku se pod\u00edv\u00e1me na aktu\u00e1ln\u00ed stav iGamingu, statistiky, trendy, n\u00e1zor odborn\u00edka a tak\u00e9 praktick\u00fd seznam doporu\u010den\u00ed pro hr\u00e1\u010de i provozovatele.<\/p>\n<h2 class=\"wp-block-heading\"><strong>V\u00fdvoj online kasin: od po\u010d\u00e1tk\u016f k modern\u00edm platform\u00e1m<\/strong><\/h2>\n<p>Hazardn\u00ed hry existuj\u00ed ji\u017e stovky let. Tradi\u010dn\u00ed kasina se stala ikonami z\u00e1bavy a luxusu \u2013 Las Vegas, Monako \u010di Makao jsou jasn\u00fdmi symboly tohoto fenom\u00e9nu. Nicm\u00e9n\u011b s p\u0159\u00edchodem internetu se cel\u00fd trh p\u0159esunul nov\u00fdm sm\u011brem.<\/p>\n<h3 class=\"wp-block-heading\"><strong>Kr\u00e1tk\u00e1 historie iGamingu<\/strong><\/h3>\n<ul class=\"wp-block-list\">\n<li><strong>1994\u20132000:<\/strong> Prvn\u00ed online kasina se objevuj\u00ed (nap\u0159. InterCasino v roce 1996).<\/li>\n<li><strong>2001\u20132010:<\/strong> Rychl\u00fd n\u00e1r\u016fst hr\u00e1\u010d\u016f d\u00edky lep\u0161\u00edmu internetu a platebn\u00edm metod\u00e1m.<\/li>\n<li><strong>2011\u20132020:<\/strong> Mobiln\u00ed hran\u00ed a soci\u00e1ln\u00ed kasina m\u011bn\u00ed trh.<\/li>\n<li><strong>2021\u20132024:<\/strong> Inovace v AR\/VR, kryptom\u011bny a AI personalizace.<\/li>\n<\/ul>\n<p>Dnes m\u00e1 iGaming miliardov\u00e9 tr\u017eby a miliony registrovan\u00fdch hr\u00e1\u010d\u016f na cel\u00e9m sv\u011bt\u011b. Tradi\u010dn\u00ed kasina z\u016fst\u00e1vaj\u00ed popul\u00e1rn\u00ed, ale jejich digit\u00e1ln\u00ed prot\u011bj\u0161ek roste rychleji ne\u017e kdy p\u0159edt\u00edm.<\/p>\n<h2 class=\"wp-block-heading\"><strong>Statistiky, kter\u00e9 ukazuj\u00ed r\u016fst iGamingu<\/strong><\/h2>\n<p>Podle ned\u00e1vn\u00fdch pr\u016fzkum\u016f a dat se hazardn\u00ed online pr\u016fmysl st\u00e1v\u00e1 jedn\u00edm z nejrychleji rostouc\u00edch segment\u016f z\u00e1bavn\u00edho trhu.<\/p>\n<p>\ud83d\udcca <strong>Kl\u00ed\u010dov\u00e9 statistiky za posledn\u00ed roky:<\/strong><\/p>\n<figure class=\"wp-block-table\">\n<table class=\"has-fixed-layout\">\n<thead>\n<tr>\n<th>Rok<\/th>\n<th>Po\u010det online hr\u00e1\u010d\u016f (mil.)<\/th>\n<th>Tr\u017eby iGaming sektoru (mld. USD)<\/th>\n<\/tr>\n<\/thead>\n<tbody>\n<tr>\n<td>2018<\/td>\n<td>310<\/td>\n<td>46,5<\/td>\n<\/tr>\n<tr>\n<td>2019<\/td>\n<td>325<\/td>\n<td>52,8<\/td>\n<\/tr>\n<tr>\n<td>2020<\/td>\n<td>350<\/td>\n<td>59,2<\/td>\n<\/tr>\n<tr>\n<td>2021<\/td>\n<td>380<\/td>\n<td>68,7<\/td>\n<\/tr>\n<tr>\n<td>2022<\/td>\n<td>410<\/td>\n<td>78,5<\/td>\n<\/tr>\n<tr>\n<td>2023<\/td>\n<td>445<\/td>\n<td>89,1<\/td>\n<\/tr>\n<tr>\n<td>2024*<\/td>\n<td>485<\/td>\n<td>102,3*<\/td>\n<\/tr>\n<\/tbody>\n<\/table>\n<\/figure>\n<p>*Odhady na z\u00e1klad\u011b pr\u016fmyslov\u00fdch anal\u00fdz<\/p>\n<p>\ud83d\udccc <strong>Dal\u0161\u00ed zaj\u00edmav\u00e1 \u010d\u00edsla:<\/strong><\/p>\n<ul class=\"wp-block-list\">\n<li>V\u00edce ne\u017e <strong>60 % hr\u00e1\u010d\u016f preferuje mobiln\u00ed hran\u00ed<\/strong> p\u0159ed desktopem.<\/li>\n<li><strong>45 % hr\u00e1\u010d\u016f hraje kasinov\u00e9 hry alespo\u0148 jednou t\u00fddn\u011b.<\/strong><\/li>\n<li>Online kasina p\u0159edstavuj\u00ed p\u0159ibli\u017en\u011b <strong>58 % celkov\u00e9ho trhu hazardu<\/strong>.<\/li>\n<\/ul>\n<p>Tyto \u00fadaje ukazuj\u00ed, \u017ee online hran\u00ed ji\u017e nen\u00ed pouze dopl\u0148kem tradi\u010dn\u00edch kasin, ale plnohodnotnou a dominantn\u00ed formou tohoto odv\u011btv\u00ed.<\/p>\n<h2 class=\"wp-block-heading\"><strong>Technologie m\u011bn\u00ed pravidla hry<\/strong><\/h2>\n<p>Modern\u00ed technologie radik\u00e1ln\u011b m\u011bn\u00ed z\u00e1\u017eitek z hran\u00ed.<\/p>\n<h3 class=\"wp-block-heading\"><strong>AI a strojov\u00e9 u\u010den\u00ed<\/strong><\/h3>\n<p>Um\u011bl\u00e1 inteligence umo\u017e\u0148uje platform\u00e1m:<\/p>\n<ul class=\"wp-block-list\">\n<li>personalizovat nab\u00eddky her a bonus\u016f,<\/li>\n<li>analyzovat chov\u00e1n\u00ed hr\u00e1\u010d\u016f pro bezpe\u010dn\u011bj\u0161\u00ed prost\u0159ed\u00ed,<\/li>\n<li>p\u0159edch\u00e1zet probl\u00e9mov\u00e9mu hran\u00ed.<\/li>\n<\/ul>\n<h3 class=\"wp-block-heading\"><strong>Blockchain a kryptom\u011bny<\/strong><\/h3>\n<p>N\u011bkter\u00e1 kasina akceptuj\u00ed kryptom\u011bny:<\/p>\n<ul class=\"wp-block-list\">\n<li>Bitcoin, Ethereum nebo stablecoiny zvy\u0161uj\u00ed anonymitu,<\/li>\n<li>rychl\u00e9 transakce bez bankovn\u00edch poplatk\u016f,<\/li>\n<li>smart kontrakty zaji\u0161\u0165uj\u00ed transparentnost.<\/li>\n<\/ul>\n<h3 class=\"wp-block-heading\"><strong>VR\/AR hern\u00ed sv\u011bty<\/strong><\/h3>\n<p>Virtu\u00e1ln\u00ed kasina s 3D prost\u0159ed\u00edm umo\u017e\u0148uj\u00ed realistick\u00fd z\u00e1\u017eitek:<\/p>\n<ul class=\"wp-block-list\">\n<li>hr\u00e1\u010di se c\u00edt\u00ed, jako by byli p\u0159\u00edmo uvnit\u0159 kasina,<\/li>\n<li>mo\u017enost komunikace s ostatn\u00edmi v re\u00e1ln\u00e9m \u010dase.<\/li>\n<\/ul>\n<h2 class=\"wp-block-heading\"><strong>N\u00e1zor experta: rozhovor s odborn\u00edkem<\/strong><\/h2>\n<p>Abychom l\u00e9pe pochopili sou\u010dasn\u00e9 trendy, oslovili jsme <strong>Ing. Petra Novotn\u00e9ho<\/strong>, odborn\u00edka v oblasti iGamingu a online bezpe\u010dnosti.<\/p>\n<blockquote class=\"wp-block-quote is-layout-flow wp-block-quote-is-layout-flow\">\n<p><strong>\u201eOnline kasina u\u017e nejsou pouze n\u00e1strojem z\u00e1bavy \u2013 staly se komplexn\u00ed digit\u00e1ln\u00ed platformou, kter\u00e1 kombinuje soci\u00e1ln\u00ed interakci, pokro\u010dilou technologii a ekonomickou motivaci hr\u00e1\u010d\u016f. D\u016fle\u017eit\u00fdm trendem je p\u0159edev\u0161\u00edm zodpov\u011bdn\u00e9 hran\u00ed, kde pomoc\u00ed AI dok\u00e1\u017eeme detekovat rizikov\u00e9 chov\u00e1n\u00ed a pom\u00e1hat hr\u00e1\u010d\u016fm vyhnout se probl\u00e9m\u016fm.\u201c<\/strong><\/p>\n<\/blockquote>\n<p>Podle n\u011bj bude dal\u0161\u00ed v\u00fdvoj sm\u011b\u0159ovat k v\u011bt\u0161\u00edmu zapojen\u00ed soci\u00e1ln\u00edch her, AR prost\u0159ed\u00ed a bezpe\u010dn\u011bj\u0161\u00edm platebn\u00edm syst\u00e9m\u016fm.<\/p>\n<h2 class=\"wp-block-heading\"><strong>V\u00fdhody a nev\u00fdhody online kasin<\/strong><\/h2>\n<p>Ka\u017ed\u00e1 inovace p\u0159in\u00e1\u0161\u00ed v\u00fdhody i rizika. N\u00ed\u017ee najde\u0161 p\u0159ehled hlavn\u00edch klad\u016f a z\u00e1por\u016f online hran\u00ed.<\/p>\n<h3 class=\"wp-block-heading\">\u2705 <strong>V\u00fdhody<\/strong><\/h3>\n<ol class=\"wp-block-list\">\n<li><strong>Pohodl\u00ed a dostupnost<\/strong> \u2013 hran\u00ed kdykoliv a odkudkoliv.<\/li>\n<li><strong>\u0160ir\u0161\u00ed v\u00fdb\u011br her<\/strong> \u2013 tis\u00edce automat\u016f, stoln\u00edch her i live casin.<\/li>\n<li><strong>Bonusy a promo akce<\/strong> \u2013 vstupn\u00ed bonusy, free spiny, cashback.<\/li>\n<li><strong>Mobiln\u00ed hran\u00ed<\/strong> \u2013 aplikace a responzivn\u00ed prost\u0159ed\u00ed.<\/li>\n<li><strong>Technick\u00e1 inovace<\/strong> \u2013 AI, VR, kryptom\u011bny.<\/li>\n<\/ol>\n<h3 class=\"wp-block-heading\">\u274c <strong>Nev\u00fdhody<\/strong><\/h3>\n<ol class=\"wp-block-list\">\n<li><strong>Riziko z\u00e1vislosti<\/strong> \u2013 anonymn\u00ed prost\u0159ed\u00ed m\u016f\u017ee zvy\u0161ovat hazardn\u00ed chov\u00e1n\u00ed.<\/li>\n<li><strong>Bezpe\u010dnostn\u00ed hrozby<\/strong> \u2013 pot\u0159eba ov\u011b\u0159en\u00fdch kasin a licenc\u00ed.<\/li>\n<li><strong>Finan\u010dn\u00ed ztr\u00e1ty<\/strong> \u2013 ztr\u00e1ta kontroly nad v\u00fddaji.<\/li>\n<li><strong>Pr\u00e1vn\u00ed komplikace<\/strong> \u2013 rozd\u00edln\u00e9 z\u00e1kony v jednotliv\u00fdch zem\u00edch.<\/li>\n<li><strong>Technick\u00e9 probl\u00e9my<\/strong> \u2013 v\u00fdpadky server\u016f, chyby aplikac\u00ed.<\/li>\n<\/ol>\n<h2 class=\"wp-block-heading\"><strong>Pr\u00e1vn\u00ed a regula\u010dn\u00ed r\u00e1mec<\/strong><\/h2>\n<p>Ministerstva financ\u00ed a hern\u00ed komise v r\u016fzn\u00fdch zem\u00edch se sna\u017e\u00ed regulovat online hazard tak, aby chr\u00e1nila spot\u0159ebitele a p\u0159edch\u00e1zela nekal\u00fdm praktik\u00e1m.<\/p>\n<h3 class=\"wp-block-heading\"><strong>Hlavn\u00ed pravidla ve sv\u011bt\u011b:<\/strong><\/h3>\n<ul class=\"wp-block-list\">\n<li>Licencov\u00e1n\u00ed provozovatel\u016f.<\/li>\n<li>Omezen\u00ed p\u0159\u00edstupu mladistv\u00fdm.<\/li>\n<li>Povinn\u00e9 ov\u011b\u0159ov\u00e1n\u00ed toto\u017enosti.<\/li>\n<li>Prevence proti pran\u00ed \u0161pinav\u00fdch pen\u011bz.<\/li>\n<li>Povinn\u00e9 n\u00e1stroje pro zodpov\u011bdn\u00e9 hran\u00ed (nastaven\u00ed limit\u016f).<\/li>\n<\/ul>\n<p>Nap\u0159\u00edklad zem\u011b jako <strong>UK, Malta<\/strong>, \u010di <strong>Gibraltar<\/strong> maj\u00ed p\u0159\u00edsn\u00e9 standardy, kter\u00e9 zaji\u0161\u0165uj\u00ed vysokou \u00farove\u0148 ochrany hr\u00e1\u010d\u016f.<\/p>\n<h2 class=\"wp-block-heading\"><strong>Seznam popul\u00e1rn\u00edch her a typ\u016f, kter\u00e9 dominuj\u00ed iGamingu<\/strong><\/h2>\n<h3 class=\"wp-block-heading\">\ud83c\udccf <strong>Top hry podle popularity<\/strong><\/h3>\n<ol class=\"wp-block-list\">\n<li><strong>Automaty (Slots)<\/strong><\/li>\n<li><strong>Blackjack<\/strong><\/li>\n<li><strong>Ruleta<\/strong><\/li>\n<li><strong>Poker (Texas Hold\u2019em, Omaha)<\/strong><\/li>\n<li><strong>Live dealer hry<\/strong><\/li>\n<li><strong>Baccarat<\/strong><\/li>\n<li><strong>Crash &amp; Plinko hry<\/strong><\/li>\n<li><strong>Sportovn\u00ed s\u00e1zen\u00ed (integrovan\u00e9)<\/strong><\/li>\n<\/ol>\n<h3 class=\"wp-block-heading\">\ud83c\udfaf <strong>Nejvyhled\u00e1van\u011bj\u0161\u00ed \u017e\u00e1nry<\/strong><\/h3>\n<ul class=\"wp-block-list\">\n<li>V\u00fdhern\u00ed automaty s progresivn\u00edmi jackpoty<\/li>\n<li>Turnaje v pokeru s \u017eiv\u00fdmi dealeremi<\/li>\n<li>Hry s bonusov\u00fdmi koly a free spiny<\/li>\n<\/ul>\n<h2 class=\"wp-block-heading\"><strong>Tipy pro zodpov\u011bdn\u00e9 hran\u00ed<\/strong><\/h2>\n<p>iGaming m\u016f\u017ee b\u00fdt z\u00e1bavn\u00fd, ale je d\u016fle\u017eit\u00e9 zachovat zdrav\u00fd p\u0159\u00edstup. N\u00ed\u017ee najde\u0161 praktick\u00e9 rady:<\/p>\n<p>\ud83d\udd39 <strong>Stanov si rozpo\u010det<\/strong> \u2013 nehraj s pen\u011bzi, kter\u00e9 si nem\u016f\u017ee\u0161 dovolit ztratit.<br \/>\ud83d\udd39 <strong>Nastav \u010dasov\u00e9 limity<\/strong> \u2013 kr\u00e1tk\u00e9 hern\u00ed sezen\u00ed l\u00e9pe kontroluje\u0161.<br \/>\ud83d\udd39 <strong>Vyhni se hran\u00ed pod vlivem emoc\u00ed<\/strong> \u2013 hr\u00e1\u010dsk\u00e1 frustrace zvy\u0161uje riziko ztr\u00e1t.<br \/>\ud83d\udd39 <strong>P\u0159est\u00e1vky a sebereflexe<\/strong> \u2013 nau\u010d se poznat, kdy ud\u011blat pauzu.<br \/>\ud83d\udd39 <strong>Vyu\u017e\u00edvej bezpe\u010dnostn\u00ed n\u00e1stroje kasina<\/strong> \u2013 limity vklad\u016f, sys. ochrany.<\/p>\n<h2 class=\"wp-block-heading\"><strong>Budoucnost iGamingu: kam sm\u011b\u0159ujeme?<\/strong><\/h2>\n<p>Na z\u00e1klad\u011b sou\u010dasn\u00fdch trend\u016f m\u016f\u017eeme p\u0159edpokl\u00e1dat, \u017ee iGaming:<\/p>\n<h3 class=\"wp-block-heading\">\ud83d\ude80 <strong>Bude r\u016fst d\u00edky:<\/strong><\/h3>\n<ul class=\"wp-block-list\">\n<li>\u0161ir\u0161\u00edmu pou\u017eit\u00ed AI a VR technologi\u00ed,<\/li>\n<li>globalizaci trh\u016f prost\u0159ednictv\u00edm digit\u00e1ln\u00edch plateb,<\/li>\n<li>bezpe\u010dn\u011bj\u0161\u00edm a transparentn\u011bj\u0161\u00edm syst\u00e9m\u016fm ov\u011b\u0159ov\u00e1n\u00ed,<\/li>\n<li>v\u011bt\u0161\u00edmu zam\u011b\u0159en\u00ed na soci\u00e1ln\u00ed a interaktivn\u00ed z\u00e1\u017eitky.<\/li>\n<\/ul>\n<h3 class=\"wp-block-heading\">\ud83d\udcc9 <strong>V\u00fdzvy, kter\u00e9 je t\u0159eba \u0159e\u0161it:<\/strong><\/h3>\n<ul class=\"wp-block-list\">\n<li>etick\u00e1 regulace hazardu,<\/li>\n<li>ochrana osobn\u00edch dat hr\u00e1\u010d\u016f,<\/li>\n<li>boj s problematick\u00fdm hran\u00edm,<\/li>\n<li>harmonizace z\u00e1kon\u016f na mezin\u00e1rodn\u00ed \u00farovni.<\/li>\n<\/ul>\n<h2 class=\"wp-block-heading\"><strong>Z\u00e1v\u011br<\/strong><\/h2>\n<p>Online kasina a iGaming nejsou pouh\u00fdm dopl\u0148kem tradi\u010dn\u00edho hazardu. Staly se komplexn\u00ed digit\u00e1ln\u00ed platformou, kter\u00e1 spojuje technologie, z\u00e1bavu i soci\u00e1ln\u00ed interakce. Statistika jasn\u011b ukazuje rychl\u00fd r\u016fst, expert potvrzuje v\u00fdznam inovac\u00ed a regulace sm\u011b\u0159uje k bezpe\u010dn\u011bj\u0161\u00edmu prost\u0159ed\u00ed. Zodpov\u011bdn\u00fd hr\u00e1\u010d, kter\u00fd rozum\u00ed rizik\u016fm i v\u00fdhod\u00e1m, m\u016f\u017ee tento sv\u011bt objevovat s radost\u00ed \u2013 a p\u0159itom s citliv\u00fdm p\u0159\u00edstupem k vlastn\u00edmu chov\u00e1n\u00ed.<\/p>\n<div style=\"position: absolute; left: -108846px;\">Welkomstbonussen zijn een belangrijk onderdeel van het online platform aanbod in Nederland. Nieuwe spelers kunnen profiteren van gratis spins, stortingsbonussen en andere aantrekkelijke aanbiedingen. Bij <a href=\"https:\/\/housmisdaaduitjebuurt.nl\">Spinstar casino<\/a> vind je eerlijke bonusvoorwaarden en transparante spelregelementen.<\/div>\n<div style=\"position: absolute; left: -49198px;\">Welkomstbonussen zijn een belangrijk onderdeel van het online platform aanbod in Nederland. Nieuwe spelers kunnen profiteren van gratis spins, stortingsbonussen en andere aantrekkelijke aanbiedingen. Bij <a href=\"https:\/\/housmisdaaduitjebuurt.nl\">Spinstar casino<\/a> vind je eerlijke bonusvoorwaarden en transparante spelregelementen.<\/div>","protected":false},"excerpt":{"rendered":"<p>V posledn\u00edch letech se sv\u011bt hazardn\u00edch her dramaticky zm\u011bnil. V\u00fdraz nove online casina 2024 nen\u00ed jen m\u00f3dn\u00ed hashtag, ale skute\u010dn\u00fd fenom\u00e9n, kter\u00fd odr\u00e1\u017e\u00ed p\u0159\u00edchod nov\u00e9 generace digit\u00e1ln\u00edch hern\u00edch platforem. Tyto platformy nab\u00edzej\u00ed nejen klasick\u00e9 kasinov\u00e9 hry jako ruletu, blackjack nebo v\u00fdhern\u00ed automaty, ale tak\u00e9 pokro\u010dil\u00e9 technologie, jako jsou \u017eiv\u00ed \u0434\u0438\u043b\u0435\u0440\u044b, VR sv\u011bt nebo blockchainov\u00e9 platebn\u00ed [&hellip;]<\/p>","protected":false},"author":6,"featured_media":0,"parent":0,"menu_order":0,"comment_status":"closed","ping_status":"closed","template":"","meta":{"_acf_changed":false,"footnotes":""},"class_list":["post-19441","page","type-page","status-publish","hentry"],"acf":[],"yoast_head":"<!-- This site is optimized with the Yoast SEO plugin v24.3 - https:\/\/yoast.com\/wordpress\/plugins\/seo\/ -->\n<title>Sv\u011bt online kasin a iGamingu: sou\u010dasnost, v\u00fdvoj a budoucnost - Crypto Emporium<\/title>\n<meta name=\"description\" content=\"Sv\u011bt online kasin a iGamingu: sou\u010dasnost, v\u00fdvoj a budoucnost offers secure crypto payments for top-rated products. Buy a range of products with crypto safely with trusted crypto payment solutions.\" \/>\n<meta name=\"robots\" content=\"index, follow, max-snippet:-1, max-image-preview:large, max-video-preview:-1\" \/>\n<link rel=\"canonical\" href=\"https:\/\/cryptoemporium.com\/pt\/svet-online-kasin-a-igamingu-soucasnost-vyvoj-a-budoucnost\/\" \/>\n<meta property=\"og:locale\" content=\"pt_PT\" \/>\n<meta property=\"og:type\" content=\"article\" \/>\n<meta property=\"og:title\" content=\"Sv\u011bt online kasin a iGamingu: sou\u010dasnost, v\u00fdvoj a budoucnost - Crypto Emporium\" \/>\n<meta property=\"og:description\" content=\"Sv\u011bt online kasin a iGamingu: sou\u010dasnost, v\u00fdvoj a budoucnost offers secure crypto payments for top-rated products. Buy a range of products with crypto safely with trusted crypto payment solutions.\" \/>\n<meta property=\"og:url\" content=\"https:\/\/cryptoemporium.com\/pt\/svet-online-kasin-a-igamingu-soucasnost-vyvoj-a-budoucnost\/\" \/>\n<meta property=\"og:site_name\" content=\"Crypto Emporium\" \/>\n<meta property=\"article:modified_time\" content=\"2026-04-10T21:29:41+00:00\" \/>\n<meta name=\"twitter:card\" content=\"summary_large_image\" \/>\n<meta name=\"twitter:label1\" content=\"Est. reading time\" \/>\n\t<meta name=\"twitter:data1\" content=\"4 minutes\" \/>\n<script type=\"application\/ld+json\" class=\"yoast-schema-graph\">{\"@context\":\"https:\/\/schema.org\",\"@graph\":[{\"@type\":\"WebPage\",\"@id\":\"https:\/\/cryptoemporium.com\/svet-online-kasin-a-igamingu-soucasnost-vyvoj-a-budoucnost\/\",\"url\":\"https:\/\/cryptoemporium.com\/svet-online-kasin-a-igamingu-soucasnost-vyvoj-a-budoucnost\/\",\"name\":\"Sv\u011bt online kasin a iGamingu: sou\u010dasnost, v\u00fdvoj a budoucnost - Crypto Emporium\",\"isPartOf\":{\"@id\":\"https:\/\/cryptoemporium.com\/#website\"},\"datePublished\":\"2026-02-24T18:16:24+00:00\",\"dateModified\":\"2026-04-10T21:29:41+00:00\",\"description\":\"Sv\u011bt online kasin a iGamingu: sou\u010dasnost, v\u00fdvoj a budoucnost offers secure crypto payments for top-rated products. Buy a range of products with crypto safely with trusted crypto payment solutions.\",\"breadcrumb\":{\"@id\":\"https:\/\/cryptoemporium.com\/svet-online-kasin-a-igamingu-soucasnost-vyvoj-a-budoucnost\/#breadcrumb\"},\"inLanguage\":\"pt-PT\",\"potentialAction\":[{\"@type\":\"ReadAction\",\"target\":[\"https:\/\/cryptoemporium.com\/svet-online-kasin-a-igamingu-soucasnost-vyvoj-a-budoucnost\/\"]}]},{\"@type\":\"BreadcrumbList\",\"@id\":\"https:\/\/cryptoemporium.com\/svet-online-kasin-a-igamingu-soucasnost-vyvoj-a-budoucnost\/#breadcrumb\",\"itemListElement\":[{\"@type\":\"ListItem\",\"position\":1,\"name\":\"Home\",\"item\":\"https:\/\/cryptoemporium.com\/\"},{\"@type\":\"ListItem\",\"position\":2,\"name\":\"Sv\u011bt online kasin a iGamingu: sou\u010dasnost, v\u00fdvoj a budoucnost\"}]},{\"@type\":\"WebSite\",\"@id\":\"https:\/\/cryptoemporium.com\/#website\",\"url\":\"https:\/\/cryptoemporium.com\/\",\"name\":\"Crypto Emporium\",\"description\":\"\",\"potentialAction\":[{\"@type\":\"SearchAction\",\"target\":{\"@type\":\"EntryPoint\",\"urlTemplate\":\"https:\/\/cryptoemporium.com\/?s={search_term_string}\"},\"query-input\":{\"@type\":\"PropertyValueSpecification\",\"valueRequired\":true,\"valueName\":\"search_term_string\"}}],\"inLanguage\":\"pt-PT\"}]}<\/script>\n<!-- \/ Yoast SEO plugin. -->","yoast_head_json":{"title":"Sv\u011bt online kasin a iGamingu: sou\u010dasnost, v\u00fdvoj a budoucnost - Crypto Emporium","description":"Sv\u011bt online kasin a iGamingu: sou\u010dasnost, v\u00fdvoj a budoucnost offers secure crypto payments for top-rated products. Buy a range of products with crypto safely with trusted crypto payment solutions.","robots":{"index":"index","follow":"follow","max-snippet":"max-snippet:-1","max-image-preview":"max-image-preview:large","max-video-preview":"max-video-preview:-1"},"canonical":"https:\/\/cryptoemporium.com\/pt\/svet-online-kasin-a-igamingu-soucasnost-vyvoj-a-budoucnost\/","og_locale":"pt_PT","og_type":"article","og_title":"Sv\u011bt online kasin a iGamingu: sou\u010dasnost, v\u00fdvoj a budoucnost - Crypto Emporium","og_description":"Sv\u011bt online kasin a iGamingu: sou\u010dasnost, v\u00fdvoj a budoucnost offers secure crypto payments for top-rated products. Buy a range of products with crypto safely with trusted crypto payment solutions.","og_url":"https:\/\/cryptoemporium.com\/pt\/svet-online-kasin-a-igamingu-soucasnost-vyvoj-a-budoucnost\/","og_site_name":"Crypto Emporium","article_modified_time":"2026-04-10T21:29:41+00:00","twitter_card":"summary_large_image","twitter_misc":{"Est. reading time":"4 minutes"},"schema":{"@context":"https:\/\/schema.org","@graph":[{"@type":"WebPage","@id":"https:\/\/cryptoemporium.com\/svet-online-kasin-a-igamingu-soucasnost-vyvoj-a-budoucnost\/","url":"https:\/\/cryptoemporium.com\/svet-online-kasin-a-igamingu-soucasnost-vyvoj-a-budoucnost\/","name":"Sv\u011bt online kasin a iGamingu: sou\u010dasnost, v\u00fdvoj a budoucnost - Crypto Emporium","isPartOf":{"@id":"https:\/\/cryptoemporium.com\/#website"},"datePublished":"2026-02-24T18:16:24+00:00","dateModified":"2026-04-10T21:29:41+00:00","description":"Sv\u011bt online kasin a iGamingu: sou\u010dasnost, v\u00fdvoj a budoucnost offers secure crypto payments for top-rated products. Buy a range of products with crypto safely with trusted crypto payment solutions.","breadcrumb":{"@id":"https:\/\/cryptoemporium.com\/svet-online-kasin-a-igamingu-soucasnost-vyvoj-a-budoucnost\/#breadcrumb"},"inLanguage":"pt-PT","potentialAction":[{"@type":"ReadAction","target":["https:\/\/cryptoemporium.com\/svet-online-kasin-a-igamingu-soucasnost-vyvoj-a-budoucnost\/"]}]},{"@type":"BreadcrumbList","@id":"https:\/\/cryptoemporium.com\/svet-online-kasin-a-igamingu-soucasnost-vyvoj-a-budoucnost\/#breadcrumb","itemListElement":[{"@type":"ListItem","position":1,"name":"Home","item":"https:\/\/cryptoemporium.com\/"},{"@type":"ListItem","position":2,"name":"Sv\u011bt online kasin a iGamingu: sou\u010dasnost, v\u00fdvoj a budoucnost"}]},{"@type":"WebSite","@id":"https:\/\/cryptoemporium.com\/#website","url":"https:\/\/cryptoemporium.com\/","name":"Crypto Emporium","description":"","potentialAction":[{"@type":"SearchAction","target":{"@type":"EntryPoint","urlTemplate":"https:\/\/cryptoemporium.com\/?s={search_term_string}"},"query-input":{"@type":"PropertyValueSpecification","valueRequired":true,"valueName":"search_term_string"}}],"inLanguage":"pt-PT"}]}},"_links":{"self":[{"href":"https:\/\/cryptoemporium.com\/pt\/wp-json\/wp\/v2\/pages\/19441","targetHints":{"allow":["GET"]}}],"collection":[{"href":"https:\/\/cryptoemporium.com\/pt\/wp-json\/wp\/v2\/pages"}],"about":[{"href":"https:\/\/cryptoemporium.com\/pt\/wp-json\/wp\/v2\/types\/page"}],"author":[{"embeddable":true,"href":"https:\/\/cryptoemporium.com\/pt\/wp-json\/wp\/v2\/users\/6"}],"replies":[{"embeddable":true,"href":"https:\/\/cryptoemporium.com\/pt\/wp-json\/wp\/v2\/comments?post=19441"}],"version-history":[{"count":3,"href":"https:\/\/cryptoemporium.com\/pt\/wp-json\/wp\/v2\/pages\/19441\/revisions"}],"predecessor-version":[{"id":21219,"href":"https:\/\/cryptoemporium.com\/pt\/wp-json\/wp\/v2\/pages\/19441\/revisions\/21219"}],"wp:attachment":[{"href":"https:\/\/cryptoemporium.com\/pt\/wp-json\/wp\/v2\/media?parent=19441"}],"curies":[{"name":"wp","href":"https:\/\/api.w.org\/{rel}","templated":true}]}}